{"id":7179,"date":"2024-06-06T04:38:32","date_gmt":"2024-06-06T02:38:32","guid":{"rendered":"https:\/\/olivamexico.com\/?page_id=7179"},"modified":"2024-08-01T21:16:24","modified_gmt":"2024-08-01T19:16:24","slug":"piezas-en-vidrio","status":"publish","type":"page","link":"https:\/\/olivamexico.com\/en\/piezas-en-vidrio\/","title":{"rendered":"Piezas en Vidrio"},"content":{"rendered":"<div data-elementor-type=\"wp-post\" data-elementor-id=\"7179\" class=\"elementor elementor-7179\" data-elementor-post-type=\"page\">\n\t\t\t\t\t\t<section class=\"elementor-section elementor-top-section elementor-element elementor-element-0df17db elementor-section-height-min-height elementor-section-boxed elementor-section-height-default elementor-section-items-middle\" data-id=\"0df17db\" data-element_type=\"section\" data-e-type=\"section\" data-settings=\"{&quot;background_background&quot;:&quot;classic&quot;}\">\n\t\t\t\t\t\t<div class=\"elementor-container elementor-column-gap-default\">\n\t\t\t\t\t<div class=\"elementor-column elementor-col-100 elementor-top-column elementor-element elementor-element-ca6e199\" data-id=\"ca6e199\" data-element_type=\"column\" data-e-type=\"column\">\n\t\t\t<div class=\"elementor-widget-wrap elementor-element-populated\">\n\t\t\t\t\t\t<div class=\"elementor-element elementor-element-589d3ec elementor-widget elementor-widget-heading\" data-id=\"589d3ec\" data-element_type=\"widget\" data-e-type=\"widget\" data-widget_type=\"heading.default\">\n\t\t\t\t<div class=\"elementor-widget-container\">\n\t\t\t\t\t<h1 class=\"elementor-heading-title elementor-size-default\">Cristales de Tradici\u00f3n: Explora la Belleza del Vidrio.<\/h1>\t\t\t\t<\/div>\n\t\t\t\t<\/div>\n\t\t\t\t<div class=\"elementor-element elementor-element-d5afffd elementor-widget elementor-widget-heading\" data-id=\"d5afffd\" data-element_type=\"widget\" data-e-type=\"widget\" data-widget_type=\"heading.default\">\n\t\t\t\t<div class=\"elementor-widget-container\">\n\t\t\t\t\t<h1 class=\"elementor-heading-title elementor-size-default\">Explora la magia del vidrio transformado por manos expertas en obras de arte que reflejan la riqueza cultural y la innovaci\u00f3n de los artesanos mexicanos.<\/h1>\t\t\t\t<\/div>\n\t\t\t\t<\/div>\n\t\t\t\t\t<\/div>\n\t\t<\/div>\n\t\t\t\t\t<\/div>\n\t\t<\/section>\n\t\t\t\t<section class=\"elementor-section elementor-top-section elementor-element elementor-element-761cd90 elementor-section-boxed elementor-section-height-default elementor-section-height-default\" data-id=\"761cd90\" data-element_type=\"section\" data-e-type=\"section\">\n\t\t\t\t\t\t<div class=\"elementor-container elementor-column-gap-default\">\n\t\t\t\t\t<div class=\"elementor-column elementor-col-100 elementor-top-column elementor-element elementor-element-157085d\" data-id=\"157085d\" data-element_type=\"column\" data-e-type=\"column\">\n\t\t\t<div class=\"elementor-widget-wrap elementor-element-populated\">\n\t\t\t\t\t\t<div class=\"elementor-element elementor-element-821549e elementor-widget__width-initial elementor-widget elementor-widget-text-editor\" data-id=\"821549e\" data-element_type=\"widget\" data-e-type=\"widget\" data-widget_type=\"text-editor.default\">\n\t\t\t\t<div class=\"elementor-widget-container\">\n\t\t\t\t\t\t\t\t\t<p>En esta secci\u00f3n, te invitamos a explorar la belleza y la versatilidad de las artesan\u00edas en vidrio de M\u00e9xico. Desde los vibrantes colores de las piezas de vidrio soplado hasta las finas texturas de las esculturas en vidrio, cada creaci\u00f3n es un testimonio del talento y la dedicaci\u00f3n de los artesanos mexicanos. Sum\u00e9rgete en un mundo de transparencias y reflejos, donde el vidrio se convierte en un lienzo para la creatividad y la tradici\u00f3n.<\/p>\t\t\t\t\t\t\t\t<\/div>\n\t\t\t\t<\/div>\n\t\t\t\t\t<\/div>\n\t\t<\/div>\n\t\t\t\t\t<\/div>\n\t\t<\/section>\n\t\t\t\t<section class=\"elementor-section elementor-top-section elementor-element elementor-element-721cab33 elementor-section-boxed elementor-section-height-default elementor-section-height-default\" data-id=\"721cab33\" data-element_type=\"section\" data-e-type=\"section\">\n\t\t\t\t\t\t<div class=\"elementor-container elementor-column-gap-default\">\n\t\t\t\t\t<div class=\"elementor-column elementor-col-100 elementor-top-column elementor-element elementor-element-71dcf962\" data-id=\"71dcf962\" data-element_type=\"column\" data-e-type=\"column\">\n\t\t\t<div class=\"elementor-widget-wrap elementor-element-populated\">\n\t\t\t\t\t\t<div class=\"elementor-element elementor-element-2707c24 elementor-grid-4 elementor-grid-tablet-3 elementor-grid-mobile-2 elementor-products-grid elementor-wc-products elementor-show-pagination-border-yes elementor-widget elementor-widget-woocommerce-products\" data-id=\"2707c24\" data-element_type=\"widget\" data-e-type=\"widget\" data-widget_type=\"woocommerce-products.default\">\n\t\t\t\t<div class=\"elementor-widget-container\">\n\t\t\t\t\t<div class=\"woocommerce columns-4\"><div class=\"woocommerce-notices-wrapper\"><\/div><ul class=\"products elementor-grid columns-4\">\n<div class=\"oliva-producto-card\">\n    <a href=\"https:\/\/olivamexico.com\/en\/product\/obra-vidrio-3\/\" class=\"oliva-card-link\" aria-label=\"obra vidrio 3\">\n        <div class=\"oliva-card-inner\">\n\n            <!-- Imagen destacada -->\n            <div class=\"oliva-card-img\">\n                                    <img decoding=\"async\" src=\"https:\/\/olivamexico.com\/wp-content\/uploads\/2024\/06\/vidrios_pic_3a-600x600.jpg\"\n                         alt=\"obra vidrio 3\"\n                         loading=\"lazy\">\n                            <\/div>\n\n            <!-- Info: t\u00edtulo + precio -->\n            <div class=\"oliva-card-info\">\n                <h3 class=\"oliva-card-titulo\">obra vidrio 3<\/h3>\n                <div class=\"oliva-card-precio\"><span class=\"woocommerce-Price-amount amount\"><bdi><span class=\"woocommerce-Price-currencySymbol\">&#36;<\/span>1.00<\/bdi><\/span><\/div>\n            <\/div>\n\n            <!-- Hover overlay -->\n                        <div class=\"oliva-card-hover\"\n                 style=\"background-image: url('https:\/\/olivamexico.com\/wp-content\/uploads\/2024\/06\/vidrios_pic_3a-600x600.jpg');\"\n                 aria-hidden=\"true\">\n                <div class=\"oliva-hover-overlay\"><\/div>\n                <div class=\"oliva-hover-top\">\n                                                        <\/div>\n                <div class=\"oliva-hover-bottom\">\n                    <h3 class=\"oliva-hover-titulo\">obra vidrio 3<\/h3>\n                    <div class=\"oliva-hover-precio\"><span class=\"woocommerce-Price-amount amount\"><bdi><span class=\"woocommerce-Price-currencySymbol\">&#36;<\/span>1.00<\/bdi><\/span><\/div>\n                <\/div>\n            <\/div>\n            \n        <\/div>\n    <\/a>\n<\/div>\n<div class=\"oliva-producto-card\">\n    <a href=\"https:\/\/olivamexico.com\/en\/product\/obra-vidrio-2\/\" class=\"oliva-card-link\" aria-label=\"obra vidrio 2\">\n        <div class=\"oliva-card-inner\">\n\n            <!-- Imagen destacada -->\n            <div class=\"oliva-card-img\">\n                                    <img decoding=\"async\" src=\"https:\/\/olivamexico.com\/wp-content\/uploads\/2024\/06\/vidrios_pic_2a-600x600.jpg\"\n                         alt=\"obra vidrio 2\"\n                         loading=\"lazy\">\n                            <\/div>\n\n            <!-- Info: t\u00edtulo + precio -->\n            <div class=\"oliva-card-info\">\n                <h3 class=\"oliva-card-titulo\">obra vidrio 2<\/h3>\n                <div class=\"oliva-card-precio\"><span class=\"woocommerce-Price-amount amount\"><bdi><span class=\"woocommerce-Price-currencySymbol\">&#36;<\/span>1.00<\/bdi><\/span><\/div>\n            <\/div>\n\n            <!-- Hover overlay -->\n                        <div class=\"oliva-card-hover\"\n                 style=\"background-image: url('https:\/\/olivamexico.com\/wp-content\/uploads\/2024\/06\/vidrios_pic_2a-600x600.jpg');\"\n                 aria-hidden=\"true\">\n                <div class=\"oliva-hover-overlay\"><\/div>\n                <div class=\"oliva-hover-top\">\n                                                        <\/div>\n                <div class=\"oliva-hover-bottom\">\n                    <h3 class=\"oliva-hover-titulo\">obra vidrio 2<\/h3>\n                    <div class=\"oliva-hover-precio\"><span class=\"woocommerce-Price-amount amount\"><bdi><span class=\"woocommerce-Price-currencySymbol\">&#36;<\/span>1.00<\/bdi><\/span><\/div>\n                <\/div>\n            <\/div>\n            \n        <\/div>\n    <\/a>\n<\/div>\n<div class=\"oliva-producto-card\">\n    <a href=\"https:\/\/olivamexico.com\/en\/product\/obra-vidrio-1\/\" class=\"oliva-card-link\" aria-label=\"obra vidrio 1\">\n        <div class=\"oliva-card-inner\">\n\n            <!-- Imagen destacada -->\n            <div class=\"oliva-card-img\">\n                                    <img decoding=\"async\" src=\"https:\/\/olivamexico.com\/wp-content\/uploads\/2024\/06\/vidrios_pic_1a-600x600.jpg\"\n                         alt=\"obra vidrio 1\"\n                         loading=\"lazy\">\n                            <\/div>\n\n            <!-- Info: t\u00edtulo + precio -->\n            <div class=\"oliva-card-info\">\n                <h3 class=\"oliva-card-titulo\">obra vidrio 1<\/h3>\n                <div class=\"oliva-card-precio\"><span class=\"woocommerce-Price-amount amount\"><bdi><span class=\"woocommerce-Price-currencySymbol\">&#36;<\/span>1.00<\/bdi><\/span><\/div>\n            <\/div>\n\n            <!-- Hover overlay -->\n                        <div class=\"oliva-card-hover\"\n                 style=\"background-image: url('https:\/\/olivamexico.com\/wp-content\/uploads\/2024\/06\/vidrios_pic_1a-600x600.jpg');\"\n                 aria-hidden=\"true\">\n                <div class=\"oliva-hover-overlay\"><\/div>\n                <div class=\"oliva-hover-top\">\n                                                        <\/div>\n                <div class=\"oliva-hover-bottom\">\n                    <h3 class=\"oliva-hover-titulo\">obra vidrio 1<\/h3>\n                    <div class=\"oliva-hover-precio\"><span class=\"woocommerce-Price-amount amount\"><bdi><span class=\"woocommerce-Price-currencySymbol\">&#36;<\/span>1.00<\/bdi><\/span><\/div>\n                <\/div>\n            <\/div>\n            \n        <\/div>\n    <\/a>\n<\/div>\n<\/ul>\n<\/div>\t\t\t\t<\/div>\n\t\t\t\t<\/div>\n\t\t\t\t\t<\/div>\n\t\t<\/div>\n\t\t\t\t\t<\/div>\n\t\t<\/section>\n\t\t\t\t<\/div>","protected":false},"excerpt":{"rendered":"<p>Cristales de Tradici\u00f3n: Explora la Belleza del Vidrio. Explora la magia del vidrio transformado por manos expertas en obras de arte que reflejan la riqueza cultural y la innovaci\u00f3n de [&hellip;]<\/p>\n","protected":false},"author":1,"featured_media":0,"parent":0,"menu_order":0,"comment_status":"closed","ping_status":"closed","template":"","meta":{"_joinchat":[],"footnotes":""},"class_list":["post-7179","page","type-page","status-publish","hentry"],"yoast_head":"<!-- This site is optimized with the Yoast SEO plugin v27.5 - https:\/\/yoast.com\/product\/yoast-seo-wordpress\/ -->\n<title>Piezas en Vidrio - Oliva M\u00e9xico<\/title>\n<meta name=\"robots\" content=\"index, follow, max-snippet:-1, max-image-preview:large, max-video-preview:-1\" \/>\n<link rel=\"canonical\" href=\"https:\/\/olivamexico.com\/en\/piezas-en-vidrio\/\" \/>\n<meta property=\"og:locale\" content=\"en_US\" \/>\n<meta property=\"og:type\" content=\"article\" \/>\n<meta property=\"og:title\" content=\"Piezas en Vidrio - Oliva M\u00e9xico\" \/>\n<meta property=\"og:description\" content=\"Cristales de Tradici\u00f3n: Explora la Belleza del Vidrio. Explora la magia del vidrio transformado por manos expertas en obras de arte que reflejan la riqueza cultural y la innovaci\u00f3n de [&hellip;]\" \/>\n<meta property=\"og:url\" content=\"https:\/\/olivamexico.com\/en\/piezas-en-vidrio\/\" \/>\n<meta property=\"og:site_name\" content=\"Oliva M\u00e9xico\" \/>\n<meta property=\"article:modified_time\" content=\"2024-08-01T19:16:24+00:00\" \/>\n<meta name=\"twitter:card\" content=\"summary_large_image\" \/>\n<meta name=\"twitter:label1\" content=\"Est. reading time\" \/>\n\t<meta name=\"twitter:data1\" content=\"2 minutes\" \/>\n<script type=\"application\/ld+json\" class=\"yoast-schema-graph\">{\"@context\":\"https:\\\/\\\/schema.org\",\"@graph\":[{\"@type\":\"WebPage\",\"@id\":\"https:\\\/\\\/olivamexico.com\\\/piezas-en-vidrio\\\/\",\"url\":\"https:\\\/\\\/olivamexico.com\\\/piezas-en-vidrio\\\/\",\"name\":\"Piezas en Vidrio - Oliva M\u00e9xico\",\"isPartOf\":{\"@id\":\"https:\\\/\\\/olivamexico.com\\\/#website\"},\"datePublished\":\"2024-06-06T02:38:32+00:00\",\"dateModified\":\"2024-08-01T19:16:24+00:00\",\"breadcrumb\":{\"@id\":\"https:\\\/\\\/olivamexico.com\\\/piezas-en-vidrio\\\/#breadcrumb\"},\"inLanguage\":\"en-US\",\"potentialAction\":[{\"@type\":\"ReadAction\",\"target\":[\"https:\\\/\\\/olivamexico.com\\\/piezas-en-vidrio\\\/\"]}]},{\"@type\":\"BreadcrumbList\",\"@id\":\"https:\\\/\\\/olivamexico.com\\\/piezas-en-vidrio\\\/#breadcrumb\",\"itemListElement\":[{\"@type\":\"ListItem\",\"position\":1,\"name\":\"Portada\",\"item\":\"https:\\\/\\\/olivamexico.com\\\/\"},{\"@type\":\"ListItem\",\"position\":2,\"name\":\"Piezas en Vidrio\"}]},{\"@type\":\"WebSite\",\"@id\":\"https:\\\/\\\/olivamexico.com\\\/#website\",\"url\":\"https:\\\/\\\/olivamexico.com\\\/\",\"name\":\"Oliva M\u00e9xico\",\"description\":\"Descrubriendo la magia de nuestras raices\",\"publisher\":{\"@id\":\"https:\\\/\\\/olivamexico.com\\\/#organization\"},\"potentialAction\":[{\"@type\":\"SearchAction\",\"target\":{\"@type\":\"EntryPoint\",\"urlTemplate\":\"https:\\\/\\\/olivamexico.com\\\/?s={search_term_string}\"},\"query-input\":{\"@type\":\"PropertyValueSpecification\",\"valueRequired\":true,\"valueName\":\"search_term_string\"}}],\"inLanguage\":\"en-US\"},{\"@type\":\"Organization\",\"@id\":\"https:\\\/\\\/olivamexico.com\\\/#organization\",\"name\":\"Oliva M\u00e9xico\",\"url\":\"https:\\\/\\\/olivamexico.com\\\/\",\"logo\":{\"@type\":\"ImageObject\",\"inLanguage\":\"en-US\",\"@id\":\"https:\\\/\\\/olivamexico.com\\\/#\\\/schema\\\/logo\\\/image\\\/\",\"url\":\"https:\\\/\\\/olivamexico.com\\\/wp-content\\\/uploads\\\/2024\\\/03\\\/olivalogo_white_nr.png\",\"contentUrl\":\"https:\\\/\\\/olivamexico.com\\\/wp-content\\\/uploads\\\/2024\\\/03\\\/olivalogo_white_nr.png\",\"width\":150,\"height\":117,\"caption\":\"Oliva M\u00e9xico\"},\"image\":{\"@id\":\"https:\\\/\\\/olivamexico.com\\\/#\\\/schema\\\/logo\\\/image\\\/\"}}]}<\/script>\n<!-- \/ Yoast SEO plugin. -->","yoast_head_json":{"title":"Piezas en Vidrio - Oliva M\u00e9xico","robots":{"index":"index","follow":"follow","max-snippet":"max-snippet:-1","max-image-preview":"max-image-preview:large","max-video-preview":"max-video-preview:-1"},"canonical":"https:\/\/olivamexico.com\/en\/piezas-en-vidrio\/","og_locale":"en_US","og_type":"article","og_title":"Piezas en Vidrio - Oliva M\u00e9xico","og_description":"Cristales de Tradici\u00f3n: Explora la Belleza del Vidrio. Explora la magia del vidrio transformado por manos expertas en obras de arte que reflejan la riqueza cultural y la innovaci\u00f3n de [&hellip;]","og_url":"https:\/\/olivamexico.com\/en\/piezas-en-vidrio\/","og_site_name":"Oliva M\u00e9xico","article_modified_time":"2024-08-01T19:16:24+00:00","twitter_card":"summary_large_image","twitter_misc":{"Est. reading time":"2 minutes"},"schema":{"@context":"https:\/\/schema.org","@graph":[{"@type":"WebPage","@id":"https:\/\/olivamexico.com\/piezas-en-vidrio\/","url":"https:\/\/olivamexico.com\/piezas-en-vidrio\/","name":"Piezas en Vidrio - Oliva M\u00e9xico","isPartOf":{"@id":"https:\/\/olivamexico.com\/#website"},"datePublished":"2024-06-06T02:38:32+00:00","dateModified":"2024-08-01T19:16:24+00:00","breadcrumb":{"@id":"https:\/\/olivamexico.com\/piezas-en-vidrio\/#breadcrumb"},"inLanguage":"en-US","potentialAction":[{"@type":"ReadAction","target":["https:\/\/olivamexico.com\/piezas-en-vidrio\/"]}]},{"@type":"BreadcrumbList","@id":"https:\/\/olivamexico.com\/piezas-en-vidrio\/#breadcrumb","itemListElement":[{"@type":"ListItem","position":1,"name":"Portada","item":"https:\/\/olivamexico.com\/"},{"@type":"ListItem","position":2,"name":"Piezas en Vidrio"}]},{"@type":"WebSite","@id":"https:\/\/olivamexico.com\/#website","url":"https:\/\/olivamexico.com\/","name":"Oliva M\u00e9xico","description":"Descrubriendo la magia de nuestras raices","publisher":{"@id":"https:\/\/olivamexico.com\/#organization"},"potentialAction":[{"@type":"SearchAction","target":{"@type":"EntryPoint","urlTemplate":"https:\/\/olivamexico.com\/?s={search_term_string}"},"query-input":{"@type":"PropertyValueSpecification","valueRequired":true,"valueName":"search_term_string"}}],"inLanguage":"en-US"},{"@type":"Organization","@id":"https:\/\/olivamexico.com\/#organization","name":"Oliva M\u00e9xico","url":"https:\/\/olivamexico.com\/","logo":{"@type":"ImageObject","inLanguage":"en-US","@id":"https:\/\/olivamexico.com\/#\/schema\/logo\/image\/","url":"https:\/\/olivamexico.com\/wp-content\/uploads\/2024\/03\/olivalogo_white_nr.png","contentUrl":"https:\/\/olivamexico.com\/wp-content\/uploads\/2024\/03\/olivalogo_white_nr.png","width":150,"height":117,"caption":"Oliva M\u00e9xico"},"image":{"@id":"https:\/\/olivamexico.com\/#\/schema\/logo\/image\/"}}]}},"_links":{"self":[{"href":"https:\/\/olivamexico.com\/en\/wp-json\/wp\/v2\/pages\/7179","targetHints":{"allow":["GET"]}}],"collection":[{"href":"https:\/\/olivamexico.com\/en\/wp-json\/wp\/v2\/pages"}],"about":[{"href":"https:\/\/olivamexico.com\/en\/wp-json\/wp\/v2\/types\/page"}],"author":[{"embeddable":true,"href":"https:\/\/olivamexico.com\/en\/wp-json\/wp\/v2\/users\/1"}],"replies":[{"embeddable":true,"href":"https:\/\/olivamexico.com\/en\/wp-json\/wp\/v2\/comments?post=7179"}],"version-history":[{"count":37,"href":"https:\/\/olivamexico.com\/en\/wp-json\/wp\/v2\/pages\/7179\/revisions"}],"predecessor-version":[{"id":8547,"href":"https:\/\/olivamexico.com\/en\/wp-json\/wp\/v2\/pages\/7179\/revisions\/8547"}],"wp:attachment":[{"href":"https:\/\/olivamexico.com\/en\/wp-json\/wp\/v2\/media?parent=7179"}],"curies":[{"name":"wp","href":"https:\/\/api.w.org\/{rel}","templated":true}]}}