{"id":7094,"date":"2024-06-04T22:17:44","date_gmt":"2024-06-04T20:17:44","guid":{"rendered":"https:\/\/olivamexico.com\/?page_id=7094"},"modified":"2024-08-01T21:01:29","modified_gmt":"2024-08-01T19:01:29","slug":"piezas-en-cera","status":"publish","type":"page","link":"https:\/\/olivamexico.com\/en\/piezas-en-cera\/","title":{"rendered":"Piezas en Cera"},"content":{"rendered":"<div data-elementor-type=\"wp-post\" data-elementor-id=\"7094\" class=\"elementor elementor-7094\" data-elementor-post-type=\"page\">\n\t\t\t\t\t\t<section class=\"elementor-section elementor-top-section elementor-element elementor-element-aed4e48 elementor-section-height-min-height elementor-section-boxed elementor-section-height-default elementor-section-items-middle\" data-id=\"aed4e48\" data-element_type=\"section\" data-e-type=\"section\" data-settings=\"{&quot;background_background&quot;:&quot;classic&quot;}\">\n\t\t\t\t\t\t<div class=\"elementor-container elementor-column-gap-default\">\n\t\t\t\t\t<div class=\"elementor-column elementor-col-100 elementor-top-column elementor-element elementor-element-3785949\" data-id=\"3785949\" data-element_type=\"column\" data-e-type=\"column\">\n\t\t\t<div class=\"elementor-widget-wrap elementor-element-populated\">\n\t\t\t\t\t\t<div class=\"elementor-element elementor-element-589d3ec elementor-widget elementor-widget-heading\" data-id=\"589d3ec\" data-element_type=\"widget\" data-e-type=\"widget\" data-widget_type=\"heading.default\">\n\t\t\t\t<div class=\"elementor-widget-container\">\n\t\t\t\t\t<h1 class=\"elementor-heading-title elementor-size-default\">Fuego Creativo: Explora la Belleza de la Cera Mexicana<\/h1>\t\t\t\t<\/div>\n\t\t\t\t<\/div>\n\t\t\t\t<div class=\"elementor-element elementor-element-d5afffd elementor-widget elementor-widget-heading\" data-id=\"d5afffd\" data-element_type=\"widget\" data-e-type=\"widget\" data-widget_type=\"heading.default\">\n\t\t\t\t<div class=\"elementor-widget-container\">\n\t\t\t\t\t<h1 class=\"elementor-heading-title elementor-size-default\">Sum\u00e9rgete en la magia de la cera moldeada por manos expertas, donde cada escultura cuenta una historia \u00fanica y lleva consigo el aroma dulce de la tradici\u00f3n y la pasi\u00f3n artesanal.<\/h1>\t\t\t\t<\/div>\n\t\t\t\t<\/div>\n\t\t\t\t\t<\/div>\n\t\t<\/div>\n\t\t\t\t\t<\/div>\n\t\t<\/section>\n\t\t\t\t<section class=\"elementor-section elementor-top-section elementor-element elementor-element-761cd90 elementor-section-boxed elementor-section-height-default elementor-section-height-default\" data-id=\"761cd90\" data-element_type=\"section\" data-e-type=\"section\">\n\t\t\t\t\t\t<div class=\"elementor-container elementor-column-gap-default\">\n\t\t\t\t\t<div class=\"elementor-column elementor-col-100 elementor-top-column elementor-element elementor-element-157085d\" data-id=\"157085d\" data-element_type=\"column\" data-e-type=\"column\">\n\t\t\t<div class=\"elementor-widget-wrap elementor-element-populated\">\n\t\t\t\t\t\t<div class=\"elementor-element elementor-element-821549e elementor-widget__width-initial elementor-widget elementor-widget-text-editor\" data-id=\"821549e\" data-element_type=\"widget\" data-e-type=\"widget\" data-widget_type=\"text-editor.default\">\n\t\t\t\t<div class=\"elementor-widget-container\">\n\t\t\t\t\t\t\t\t\t<p>En esta secci\u00f3n, te invitamos a explorar el fascinante mundo de las artesan\u00edas en cera de M\u00e9xico. Desde las ic\u00f3nicas velas talladas hasta las detalladas figuras para veladoras, cada pieza es una muestra del talento y la dedicaci\u00f3n de los artesanos mexicanos. Sum\u00e9rgete en un universo de formas y colores que se funden en una danza ef\u00edmera, donde la cera se convierte en lienzo y la creatividad no conoce l\u00edmites.<\/p>\t\t\t\t\t\t\t\t<\/div>\n\t\t\t\t<\/div>\n\t\t\t\t\t<\/div>\n\t\t<\/div>\n\t\t\t\t\t<\/div>\n\t\t<\/section>\n\t\t\t\t<section class=\"elementor-section elementor-top-section elementor-element elementor-element-721cab33 elementor-section-boxed elementor-section-height-default elementor-section-height-default\" data-id=\"721cab33\" data-element_type=\"section\" data-e-type=\"section\">\n\t\t\t\t\t\t<div class=\"elementor-container elementor-column-gap-default\">\n\t\t\t\t\t<div class=\"elementor-column elementor-col-100 elementor-top-column elementor-element elementor-element-71dcf962\" data-id=\"71dcf962\" data-element_type=\"column\" data-e-type=\"column\">\n\t\t\t<div class=\"elementor-widget-wrap elementor-element-populated\">\n\t\t\t\t\t\t<div class=\"elementor-element elementor-element-50102ee elementor-grid-4 elementor-grid-tablet-3 elementor-grid-mobile-2 elementor-products-grid elementor-wc-products elementor-show-pagination-border-yes elementor-widget elementor-widget-woocommerce-products\" data-id=\"50102ee\" data-element_type=\"widget\" data-e-type=\"widget\" data-widget_type=\"woocommerce-products.default\">\n\t\t\t\t<div class=\"elementor-widget-container\">\n\t\t\t\t\t<div class=\"woocommerce columns-4\"><div class=\"woocommerce-notices-wrapper\"><\/div><ul class=\"products elementor-grid columns-4\">\n<div class=\"oliva-producto-card\">\n    <a href=\"https:\/\/olivamexico.com\/en\/product\/obra-cera-7\/\" class=\"oliva-card-link\" aria-label=\"obra cera 7\">\n        <div class=\"oliva-card-inner\">\n\n            <!-- Imagen destacada -->\n            <div class=\"oliva-card-img\">\n                                    <img decoding=\"async\" src=\"https:\/\/olivamexico.com\/wp-content\/uploads\/2024\/06\/cera_pic_8a-600x600.jpg\"\n                         alt=\"obra cera 7\"\n                         loading=\"lazy\">\n                            <\/div>\n\n            <!-- Info: t\u00edtulo + precio -->\n            <div class=\"oliva-card-info\">\n                <h3 class=\"oliva-card-titulo\">obra cera 7<\/h3>\n                <div class=\"oliva-card-precio\"><span class=\"woocommerce-Price-amount amount\"><bdi><span class=\"woocommerce-Price-currencySymbol\">&#36;<\/span>1.00<\/bdi><\/span><\/div>\n            <\/div>\n\n            <!-- Hover overlay -->\n                        <div class=\"oliva-card-hover\"\n                 style=\"background-image: url('https:\/\/olivamexico.com\/wp-content\/uploads\/2024\/06\/cera_pic_8a-600x600.jpg');\"\n                 aria-hidden=\"true\">\n                <div class=\"oliva-hover-overlay\"><\/div>\n                <div class=\"oliva-hover-top\">\n                                                        <\/div>\n                <div class=\"oliva-hover-bottom\">\n                    <h3 class=\"oliva-hover-titulo\">obra cera 7<\/h3>\n                    <div class=\"oliva-hover-precio\"><span class=\"woocommerce-Price-amount amount\"><bdi><span class=\"woocommerce-Price-currencySymbol\">&#36;<\/span>1.00<\/bdi><\/span><\/div>\n                <\/div>\n            <\/div>\n            \n        <\/div>\n    <\/a>\n<\/div>\n<div class=\"oliva-producto-card\">\n    <a href=\"https:\/\/olivamexico.com\/en\/product\/obra-cera-6\/\" class=\"oliva-card-link\" aria-label=\"obra cera 6\">\n        <div class=\"oliva-card-inner\">\n\n            <!-- Imagen destacada -->\n            <div class=\"oliva-card-img\">\n                                    <img decoding=\"async\" src=\"https:\/\/olivamexico.com\/wp-content\/uploads\/2024\/06\/cera_pic_7b-600x600.jpg\"\n                         alt=\"obra cera 6\"\n                         loading=\"lazy\">\n                            <\/div>\n\n            <!-- Info: t\u00edtulo + precio -->\n            <div class=\"oliva-card-info\">\n                <h3 class=\"oliva-card-titulo\">obra cera 6<\/h3>\n                <div class=\"oliva-card-precio\"><span class=\"woocommerce-Price-amount amount\"><bdi><span class=\"woocommerce-Price-currencySymbol\">&#36;<\/span>1.00<\/bdi><\/span><\/div>\n            <\/div>\n\n            <!-- Hover overlay -->\n                        <div class=\"oliva-card-hover\"\n                 style=\"background-image: url('https:\/\/olivamexico.com\/wp-content\/uploads\/2024\/06\/cera_pic_7b-600x600.jpg');\"\n                 aria-hidden=\"true\">\n                <div class=\"oliva-hover-overlay\"><\/div>\n                <div class=\"oliva-hover-top\">\n                                                        <\/div>\n                <div class=\"oliva-hover-bottom\">\n                    <h3 class=\"oliva-hover-titulo\">obra cera 6<\/h3>\n                    <div class=\"oliva-hover-precio\"><span class=\"woocommerce-Price-amount amount\"><bdi><span class=\"woocommerce-Price-currencySymbol\">&#36;<\/span>1.00<\/bdi><\/span><\/div>\n                <\/div>\n            <\/div>\n            \n        <\/div>\n    <\/a>\n<\/div>\n<div class=\"oliva-producto-card\">\n    <a href=\"https:\/\/olivamexico.com\/en\/product\/obra-cera-5\/\" class=\"oliva-card-link\" aria-label=\"obra cera 5\">\n        <div class=\"oliva-card-inner\">\n\n            <!-- Imagen destacada -->\n            <div class=\"oliva-card-img\">\n                                    <img decoding=\"async\" src=\"https:\/\/olivamexico.com\/wp-content\/uploads\/2024\/06\/cera_pic_6b-600x600.jpg\"\n                         alt=\"obra cera 5\"\n                         loading=\"lazy\">\n                            <\/div>\n\n            <!-- Info: t\u00edtulo + precio -->\n            <div class=\"oliva-card-info\">\n                <h3 class=\"oliva-card-titulo\">obra cera 5<\/h3>\n                <div class=\"oliva-card-precio\"><span class=\"woocommerce-Price-amount amount\"><bdi><span class=\"woocommerce-Price-currencySymbol\">&#36;<\/span>1.00<\/bdi><\/span><\/div>\n            <\/div>\n\n            <!-- Hover overlay -->\n                        <div class=\"oliva-card-hover\"\n                 style=\"background-image: url('https:\/\/olivamexico.com\/wp-content\/uploads\/2024\/06\/cera_pic_6b-600x600.jpg');\"\n                 aria-hidden=\"true\">\n                <div class=\"oliva-hover-overlay\"><\/div>\n                <div class=\"oliva-hover-top\">\n                                                        <\/div>\n                <div class=\"oliva-hover-bottom\">\n                    <h3 class=\"oliva-hover-titulo\">obra cera 5<\/h3>\n                    <div class=\"oliva-hover-precio\"><span class=\"woocommerce-Price-amount amount\"><bdi><span class=\"woocommerce-Price-currencySymbol\">&#36;<\/span>1.00<\/bdi><\/span><\/div>\n                <\/div>\n            <\/div>\n            \n        <\/div>\n    <\/a>\n<\/div>\n<div class=\"oliva-producto-card\">\n    <a href=\"https:\/\/olivamexico.com\/en\/product\/obra-cera-4\/\" class=\"oliva-card-link\" aria-label=\"obra cera  4\">\n        <div class=\"oliva-card-inner\">\n\n            <!-- Imagen destacada -->\n            <div class=\"oliva-card-img\">\n                                    <img decoding=\"async\" src=\"https:\/\/olivamexico.com\/wp-content\/uploads\/2024\/06\/cera_pic_4b-600x600.jpg\"\n                         alt=\"obra cera  4\"\n                         loading=\"lazy\">\n                            <\/div>\n\n            <!-- Info: t\u00edtulo + precio -->\n            <div class=\"oliva-card-info\">\n                <h3 class=\"oliva-card-titulo\">obra cera  4<\/h3>\n                <div class=\"oliva-card-precio\"><span class=\"woocommerce-Price-amount amount\"><bdi><span class=\"woocommerce-Price-currencySymbol\">&#36;<\/span>1.00<\/bdi><\/span><\/div>\n            <\/div>\n\n            <!-- Hover overlay -->\n                        <div class=\"oliva-card-hover\"\n                 style=\"background-image: url('https:\/\/olivamexico.com\/wp-content\/uploads\/2024\/06\/cera_pic_4b-600x600.jpg');\"\n                 aria-hidden=\"true\">\n                <div class=\"oliva-hover-overlay\"><\/div>\n                <div class=\"oliva-hover-top\">\n                                                        <\/div>\n                <div class=\"oliva-hover-bottom\">\n                    <h3 class=\"oliva-hover-titulo\">obra cera  4<\/h3>\n                    <div class=\"oliva-hover-precio\"><span class=\"woocommerce-Price-amount amount\"><bdi><span class=\"woocommerce-Price-currencySymbol\">&#36;<\/span>1.00<\/bdi><\/span><\/div>\n                <\/div>\n            <\/div>\n            \n        <\/div>\n    <\/a>\n<\/div>\n<div class=\"oliva-producto-card\">\n    <a href=\"https:\/\/olivamexico.com\/en\/product\/obra-cera-3\/\" class=\"oliva-card-link\" aria-label=\"obra cera 3\">\n        <div class=\"oliva-card-inner\">\n\n            <!-- Imagen destacada -->\n            <div class=\"oliva-card-img\">\n                                    <img decoding=\"async\" src=\"https:\/\/olivamexico.com\/wp-content\/uploads\/2024\/06\/cera_pic_3b-600x600.jpg\"\n                         alt=\"obra cera 3\"\n                         loading=\"lazy\">\n                            <\/div>\n\n            <!-- Info: t\u00edtulo + precio -->\n            <div class=\"oliva-card-info\">\n                <h3 class=\"oliva-card-titulo\">obra cera 3<\/h3>\n                <div class=\"oliva-card-precio\"><span class=\"woocommerce-Price-amount amount\"><bdi><span class=\"woocommerce-Price-currencySymbol\">&#36;<\/span>1.00<\/bdi><\/span><\/div>\n            <\/div>\n\n            <!-- Hover overlay -->\n                        <div class=\"oliva-card-hover\"\n                 style=\"background-image: url('https:\/\/olivamexico.com\/wp-content\/uploads\/2024\/06\/cera_pic_3b-600x600.jpg');\"\n                 aria-hidden=\"true\">\n                <div class=\"oliva-hover-overlay\"><\/div>\n                <div class=\"oliva-hover-top\">\n                                                        <\/div>\n                <div class=\"oliva-hover-bottom\">\n                    <h3 class=\"oliva-hover-titulo\">obra cera 3<\/h3>\n                    <div class=\"oliva-hover-precio\"><span class=\"woocommerce-Price-amount amount\"><bdi><span class=\"woocommerce-Price-currencySymbol\">&#36;<\/span>1.00<\/bdi><\/span><\/div>\n                <\/div>\n            <\/div>\n            \n        <\/div>\n    <\/a>\n<\/div>\n<div class=\"oliva-producto-card\">\n    <a href=\"https:\/\/olivamexico.com\/en\/product\/obra-cera-2\/\" class=\"oliva-card-link\" aria-label=\"obra cera 2\">\n        <div class=\"oliva-card-inner\">\n\n            <!-- Imagen destacada -->\n            <div class=\"oliva-card-img\">\n                                    <img decoding=\"async\" src=\"https:\/\/olivamexico.com\/wp-content\/uploads\/2024\/06\/cera_pic_2a-600x600.jpg\"\n                         alt=\"obra cera 2\"\n                         loading=\"lazy\">\n                            <\/div>\n\n            <!-- Info: t\u00edtulo + precio -->\n            <div class=\"oliva-card-info\">\n                <h3 class=\"oliva-card-titulo\">obra cera 2<\/h3>\n                <div class=\"oliva-card-precio\"><span class=\"woocommerce-Price-amount amount\"><bdi><span class=\"woocommerce-Price-currencySymbol\">&#36;<\/span>1.00<\/bdi><\/span><\/div>\n            <\/div>\n\n            <!-- Hover overlay -->\n                        <div class=\"oliva-card-hover\"\n                 style=\"background-image: url('https:\/\/olivamexico.com\/wp-content\/uploads\/2024\/06\/cera_pic_2a-600x600.jpg');\"\n                 aria-hidden=\"true\">\n                <div class=\"oliva-hover-overlay\"><\/div>\n                <div class=\"oliva-hover-top\">\n                                                        <\/div>\n                <div class=\"oliva-hover-bottom\">\n                    <h3 class=\"oliva-hover-titulo\">obra cera 2<\/h3>\n                    <div class=\"oliva-hover-precio\"><span class=\"woocommerce-Price-amount amount\"><bdi><span class=\"woocommerce-Price-currencySymbol\">&#36;<\/span>1.00<\/bdi><\/span><\/div>\n                <\/div>\n            <\/div>\n            \n        <\/div>\n    <\/a>\n<\/div>\n<div class=\"oliva-producto-card\">\n    <a href=\"https:\/\/olivamexico.com\/en\/product\/obra-cera-1\/\" class=\"oliva-card-link\" aria-label=\"obra cera 1\">\n        <div class=\"oliva-card-inner\">\n\n            <!-- Imagen destacada -->\n            <div class=\"oliva-card-img\">\n                                    <img decoding=\"async\" src=\"https:\/\/olivamexico.com\/wp-content\/uploads\/2024\/06\/cera_pic_1b-600x600.jpg\"\n                         alt=\"obra cera 1\"\n                         loading=\"lazy\">\n                            <\/div>\n\n            <!-- Info: t\u00edtulo + precio -->\n            <div class=\"oliva-card-info\">\n                <h3 class=\"oliva-card-titulo\">obra cera 1<\/h3>\n                <div class=\"oliva-card-precio\"><span class=\"woocommerce-Price-amount amount\"><bdi><span class=\"woocommerce-Price-currencySymbol\">&#36;<\/span>1.00<\/bdi><\/span><\/div>\n            <\/div>\n\n            <!-- Hover overlay -->\n                        <div class=\"oliva-card-hover\"\n                 style=\"background-image: url('https:\/\/olivamexico.com\/wp-content\/uploads\/2024\/06\/cera_pic_1b-600x600.jpg');\"\n                 aria-hidden=\"true\">\n                <div class=\"oliva-hover-overlay\"><\/div>\n                <div class=\"oliva-hover-top\">\n                                                        <\/div>\n                <div class=\"oliva-hover-bottom\">\n                    <h3 class=\"oliva-hover-titulo\">obra cera 1<\/h3>\n                    <div class=\"oliva-hover-precio\"><span class=\"woocommerce-Price-amount amount\"><bdi><span class=\"woocommerce-Price-currencySymbol\">&#36;<\/span>1.00<\/bdi><\/span><\/div>\n                <\/div>\n            <\/div>\n            \n        <\/div>\n    <\/a>\n<\/div>\n<\/ul>\n<\/div>\t\t\t\t<\/div>\n\t\t\t\t<\/div>\n\t\t\t\t\t<\/div>\n\t\t<\/div>\n\t\t\t\t\t<\/div>\n\t\t<\/section>\n\t\t\t\t<\/div>","protected":false},"excerpt":{"rendered":"<p>Fuego Creativo: Explora la Belleza de la Cera Mexicana Sum\u00e9rgete en la magia de la cera moldeada por manos expertas, donde cada escultura cuenta una historia \u00fanica y lleva consigo [&hellip;]<\/p>\n","protected":false},"author":1,"featured_media":0,"parent":0,"menu_order":0,"comment_status":"closed","ping_status":"closed","template":"","meta":{"_joinchat":[],"footnotes":""},"class_list":["post-7094","page","type-page","status-publish","hentry"],"yoast_head":"<!-- This site is optimized with the Yoast SEO plugin v27.5 - https:\/\/yoast.com\/product\/yoast-seo-wordpress\/ -->\n<title>Piezas en Cera - Oliva M\u00e9xico<\/title>\n<meta name=\"robots\" content=\"index, follow, max-snippet:-1, max-image-preview:large, max-video-preview:-1\" \/>\n<link rel=\"canonical\" href=\"https:\/\/olivamexico.com\/en\/piezas-en-cera\/\" \/>\n<meta property=\"og:locale\" content=\"en_US\" \/>\n<meta property=\"og:type\" content=\"article\" \/>\n<meta property=\"og:title\" content=\"Piezas en Cera - Oliva M\u00e9xico\" \/>\n<meta property=\"og:description\" content=\"Fuego Creativo: Explora la Belleza de la Cera Mexicana Sum\u00e9rgete en la magia de la cera moldeada por manos expertas, donde cada escultura cuenta una historia \u00fanica y lleva consigo [&hellip;]\" \/>\n<meta property=\"og:url\" content=\"https:\/\/olivamexico.com\/en\/piezas-en-cera\/\" \/>\n<meta property=\"og:site_name\" content=\"Oliva M\u00e9xico\" \/>\n<meta property=\"article:modified_time\" content=\"2024-08-01T19:01:29+00:00\" \/>\n<meta name=\"twitter:card\" content=\"summary_large_image\" \/>\n<meta name=\"twitter:label1\" content=\"Est. reading time\" \/>\n\t<meta name=\"twitter:data1\" content=\"3 minutes\" \/>\n<script type=\"application\/ld+json\" class=\"yoast-schema-graph\">{\"@context\":\"https:\\\/\\\/schema.org\",\"@graph\":[{\"@type\":\"WebPage\",\"@id\":\"https:\\\/\\\/olivamexico.com\\\/piezas-en-cera\\\/\",\"url\":\"https:\\\/\\\/olivamexico.com\\\/piezas-en-cera\\\/\",\"name\":\"Piezas en Cera - Oliva M\u00e9xico\",\"isPartOf\":{\"@id\":\"https:\\\/\\\/olivamexico.com\\\/#website\"},\"datePublished\":\"2024-06-04T20:17:44+00:00\",\"dateModified\":\"2024-08-01T19:01:29+00:00\",\"breadcrumb\":{\"@id\":\"https:\\\/\\\/olivamexico.com\\\/piezas-en-cera\\\/#breadcrumb\"},\"inLanguage\":\"en-US\",\"potentialAction\":[{\"@type\":\"ReadAction\",\"target\":[\"https:\\\/\\\/olivamexico.com\\\/piezas-en-cera\\\/\"]}]},{\"@type\":\"BreadcrumbList\",\"@id\":\"https:\\\/\\\/olivamexico.com\\\/piezas-en-cera\\\/#breadcrumb\",\"itemListElement\":[{\"@type\":\"ListItem\",\"position\":1,\"name\":\"Portada\",\"item\":\"https:\\\/\\\/olivamexico.com\\\/\"},{\"@type\":\"ListItem\",\"position\":2,\"name\":\"Piezas en Cera\"}]},{\"@type\":\"WebSite\",\"@id\":\"https:\\\/\\\/olivamexico.com\\\/#website\",\"url\":\"https:\\\/\\\/olivamexico.com\\\/\",\"name\":\"Oliva M\u00e9xico\",\"description\":\"Descrubriendo la magia de nuestras raices\",\"publisher\":{\"@id\":\"https:\\\/\\\/olivamexico.com\\\/#organization\"},\"potentialAction\":[{\"@type\":\"SearchAction\",\"target\":{\"@type\":\"EntryPoint\",\"urlTemplate\":\"https:\\\/\\\/olivamexico.com\\\/?s={search_term_string}\"},\"query-input\":{\"@type\":\"PropertyValueSpecification\",\"valueRequired\":true,\"valueName\":\"search_term_string\"}}],\"inLanguage\":\"en-US\"},{\"@type\":\"Organization\",\"@id\":\"https:\\\/\\\/olivamexico.com\\\/#organization\",\"name\":\"Oliva M\u00e9xico\",\"url\":\"https:\\\/\\\/olivamexico.com\\\/\",\"logo\":{\"@type\":\"ImageObject\",\"inLanguage\":\"en-US\",\"@id\":\"https:\\\/\\\/olivamexico.com\\\/#\\\/schema\\\/logo\\\/image\\\/\",\"url\":\"https:\\\/\\\/olivamexico.com\\\/wp-content\\\/uploads\\\/2024\\\/03\\\/olivalogo_white_nr.png\",\"contentUrl\":\"https:\\\/\\\/olivamexico.com\\\/wp-content\\\/uploads\\\/2024\\\/03\\\/olivalogo_white_nr.png\",\"width\":150,\"height\":117,\"caption\":\"Oliva M\u00e9xico\"},\"image\":{\"@id\":\"https:\\\/\\\/olivamexico.com\\\/#\\\/schema\\\/logo\\\/image\\\/\"}}]}<\/script>\n<!-- \/ Yoast SEO plugin. -->","yoast_head_json":{"title":"Piezas en Cera - Oliva M\u00e9xico","robots":{"index":"index","follow":"follow","max-snippet":"max-snippet:-1","max-image-preview":"max-image-preview:large","max-video-preview":"max-video-preview:-1"},"canonical":"https:\/\/olivamexico.com\/en\/piezas-en-cera\/","og_locale":"en_US","og_type":"article","og_title":"Piezas en Cera - Oliva M\u00e9xico","og_description":"Fuego Creativo: Explora la Belleza de la Cera Mexicana Sum\u00e9rgete en la magia de la cera moldeada por manos expertas, donde cada escultura cuenta una historia \u00fanica y lleva consigo [&hellip;]","og_url":"https:\/\/olivamexico.com\/en\/piezas-en-cera\/","og_site_name":"Oliva M\u00e9xico","article_modified_time":"2024-08-01T19:01:29+00:00","twitter_card":"summary_large_image","twitter_misc":{"Est. reading time":"3 minutes"},"schema":{"@context":"https:\/\/schema.org","@graph":[{"@type":"WebPage","@id":"https:\/\/olivamexico.com\/piezas-en-cera\/","url":"https:\/\/olivamexico.com\/piezas-en-cera\/","name":"Piezas en Cera - Oliva M\u00e9xico","isPartOf":{"@id":"https:\/\/olivamexico.com\/#website"},"datePublished":"2024-06-04T20:17:44+00:00","dateModified":"2024-08-01T19:01:29+00:00","breadcrumb":{"@id":"https:\/\/olivamexico.com\/piezas-en-cera\/#breadcrumb"},"inLanguage":"en-US","potentialAction":[{"@type":"ReadAction","target":["https:\/\/olivamexico.com\/piezas-en-cera\/"]}]},{"@type":"BreadcrumbList","@id":"https:\/\/olivamexico.com\/piezas-en-cera\/#breadcrumb","itemListElement":[{"@type":"ListItem","position":1,"name":"Portada","item":"https:\/\/olivamexico.com\/"},{"@type":"ListItem","position":2,"name":"Piezas en Cera"}]},{"@type":"WebSite","@id":"https:\/\/olivamexico.com\/#website","url":"https:\/\/olivamexico.com\/","name":"Oliva M\u00e9xico","description":"Descrubriendo la magia de nuestras raices","publisher":{"@id":"https:\/\/olivamexico.com\/#organization"},"potentialAction":[{"@type":"SearchAction","target":{"@type":"EntryPoint","urlTemplate":"https:\/\/olivamexico.com\/?s={search_term_string}"},"query-input":{"@type":"PropertyValueSpecification","valueRequired":true,"valueName":"search_term_string"}}],"inLanguage":"en-US"},{"@type":"Organization","@id":"https:\/\/olivamexico.com\/#organization","name":"Oliva M\u00e9xico","url":"https:\/\/olivamexico.com\/","logo":{"@type":"ImageObject","inLanguage":"en-US","@id":"https:\/\/olivamexico.com\/#\/schema\/logo\/image\/","url":"https:\/\/olivamexico.com\/wp-content\/uploads\/2024\/03\/olivalogo_white_nr.png","contentUrl":"https:\/\/olivamexico.com\/wp-content\/uploads\/2024\/03\/olivalogo_white_nr.png","width":150,"height":117,"caption":"Oliva M\u00e9xico"},"image":{"@id":"https:\/\/olivamexico.com\/#\/schema\/logo\/image\/"}}]}},"_links":{"self":[{"href":"https:\/\/olivamexico.com\/en\/wp-json\/wp\/v2\/pages\/7094","targetHints":{"allow":["GET"]}}],"collection":[{"href":"https:\/\/olivamexico.com\/en\/wp-json\/wp\/v2\/pages"}],"about":[{"href":"https:\/\/olivamexico.com\/en\/wp-json\/wp\/v2\/types\/page"}],"author":[{"embeddable":true,"href":"https:\/\/olivamexico.com\/en\/wp-json\/wp\/v2\/users\/1"}],"replies":[{"embeddable":true,"href":"https:\/\/olivamexico.com\/en\/wp-json\/wp\/v2\/comments?post=7094"}],"version-history":[{"count":28,"href":"https:\/\/olivamexico.com\/en\/wp-json\/wp\/v2\/pages\/7094\/revisions"}],"predecessor-version":[{"id":8525,"href":"https:\/\/olivamexico.com\/en\/wp-json\/wp\/v2\/pages\/7094\/revisions\/8525"}],"wp:attachment":[{"href":"https:\/\/olivamexico.com\/en\/wp-json\/wp\/v2\/media?parent=7094"}],"curies":[{"name":"wp","href":"https:\/\/api.w.org\/{rel}","templated":true}]}}